{"id":10,"date":"2024-11-21T16:57:09","date_gmt":"2024-11-21T16:57:09","guid":{"rendered":"https:\/\/nursalud.org\/?page_id=10"},"modified":"2026-03-30T14:41:30","modified_gmt":"2026-03-30T18:41:30","slug":"home","status":"publish","type":"page","link":"https:\/\/nursalud.org\/en\/","title":{"rendered":"Inicio"},"content":{"rendered":"<img decoding=\"async\" src=\"https:\/\/nursalud.org\/wp-content\/uploads\/2025\/01\/2-8.webp\" alt=\"2 (8)\" itemprop=\"image\" height=\"876\" width=\"1090\" title=\"2 (8)\" onerror=\"this.style.display='none'\" class=\"no-lazyload\" \/>\n\t\t<h2>\n\t\t\tHealth that meets you where you are\n\t\t<\/h2>\n\t\t\t\t\t\t\t<img decoding=\"async\" src=\"https:\/\/nursalud.org\/wp-content\/uploads\/2024\/11\/Mask-group.jpg\" alt=\"Atenci\u00f3n m\u00e9dica m\u00f3vil llevada hasta tu puerta\" class=\"no-lazyload\" \/>\n\t\t<h3>\n\t\t\tMobile medical care delivered to your home\n\t\t<\/h3>\n\t\t\t\t\t\t\t<img decoding=\"async\" src=\"https:\/\/nursalud.org\/wp-content\/uploads\/2024\/11\/Mask-group-1.jpg\" alt=\"Rompiendo barreras con acceso a telesalud\" class=\"no-lazyload\" \/>\n\t\t<h3>\n\t\t\tBreaking barriers with access to telehealth\n\t\t<\/h3>\n\t\t\t\t\t\t\t<img decoding=\"async\" src=\"https:\/\/nursalud.org\/wp-content\/uploads\/2024\/11\/Mask-group-2.jpg\" alt=\"Empoderando comunidades a trav\u00e9s de la educaci\u00f3n en salud\" class=\"no-lazyload\" \/>\n\t\t<h3>\n\t\t\tEmpowering communities through health education\n\t\t<\/h3>\n\t\t<h2>\n\t\t\tNews and Updates\n\t\t<\/h2>","protected":false},"excerpt":{"rendered":"<p>Llevando la salud directamente a ti Atenci\u00f3n m\u00e9dica m\u00f3vil llevada hasta tu puerta Rompiendo barreras con acceso a telesalud Empoderando comunidades a trav\u00e9s de la educaci\u00f3n en salud Noticias y actualizaciones<\/p>","protected":false},"author":1,"featured_media":24317,"parent":0,"menu_order":0,"comment_status":"closed","ping_status":"closed","template":"","meta":{"footnotes":""},"class_list":["post-10","page","type-page","status-publish","has-post-thumbnail","hentry"],"yoast_head":"<!-- This site is optimized with the Yoast SEO plugin v27.4 - https:\/\/yoast.com\/product\/yoast-seo-wordpress\/ -->\n<title>Puerto Rico Health Services - NUR Salud Comunitaria<\/title>\n<meta name=\"description\" content=\"Join NUR Salud Comunitaria, a regional nonprofit dedicated to Puerto Rico health services and community support. Get involved today!\" \/>\n<meta name=\"robots\" content=\"index, follow, max-snippet:-1, max-image-preview:large, max-video-preview:-1\" \/>\n<link rel=\"canonical\" href=\"https:\/\/nursalud.org\/en\/wp-json\/wp\/v2\/pages\/10\" \/>\n<meta property=\"og:locale\" content=\"en_US\" \/>\n<meta property=\"og:type\" content=\"article\" \/>\n<meta property=\"og:title\" content=\"Puerto Rico Health Services - NUR Salud Comunitaria\" \/>\n<meta property=\"og:description\" content=\"Join NUR Salud Comunitaria, a regional nonprofit dedicated to Puerto Rico health services and community support. Get involved today!\" \/>\n<meta property=\"og:url\" content=\"https:\/\/nursalud.org\/en\/\" \/>\n<meta property=\"og:site_name\" content=\"NUR Salud Comunitaria\" \/>\n<meta property=\"article:modified_time\" content=\"2026-03-30T18:41:30+00:00\" \/>\n<meta property=\"og:image\" content=\"https:\/\/nursalud.org\/wp-content\/uploads\/2024\/11\/GettyImages-1198390245-scaled.jpg\" \/>\n<meta name=\"twitter:card\" content=\"summary_large_image\" \/>\n<meta name=\"twitter:title\" content=\"Puerto Rico Health Services - NUR Salud Comunitaria\" \/>\n<meta name=\"twitter:description\" content=\"Join NUR Salud Comunitaria, a regional nonprofit dedicated to Puerto Rico health services and community support. Get involved today!\" \/>\n<meta name=\"twitter:image\" content=\"https:\/\/nursalud.org\/wp-content\/uploads\/2024\/11\/GettyImages-1198390245-scaled.jpg\" \/>\n<meta name=\"twitter:label1\" content=\"Est. reading time\" \/>\n\t<meta name=\"twitter:data1\" content=\"3 minutes\" \/>\n<script type=\"application\/ld+json\" class=\"yoast-schema-graph\">{\"@context\":\"https:\\\/\\\/schema.org\",\"@graph\":[{\"@type\":\"WebPage\",\"@id\":\"https:\\\/\\\/nursalud.org\\\/\",\"url\":\"https:\\\/\\\/nursalud.org\\\/\",\"name\":\"Puerto Rico Health Services - NUR Salud Comunitaria\",\"isPartOf\":{\"@id\":\"https:\\\/\\\/nursalud.org\\\/#website\"},\"primaryImageOfPage\":{\"@id\":\"https:\\\/\\\/nursalud.org\\\/#primaryimage\"},\"image\":{\"@id\":\"https:\\\/\\\/nursalud.org\\\/#primaryimage\"},\"thumbnailUrl\":\"https:\\\/\\\/nursalud.org\\\/wp-content\\\/uploads\\\/2024\\\/11\\\/GettyImages-1198390245-scaled.jpg\",\"datePublished\":\"2024-11-21T16:57:09+00:00\",\"dateModified\":\"2026-03-30T18:41:30+00:00\",\"description\":\"Join NUR Salud Comunitaria, a regional nonprofit dedicated to Puerto Rico health services and community support. Get involved today!\",\"breadcrumb\":{\"@id\":\"https:\\\/\\\/nursalud.org\\\/#breadcrumb\"},\"inLanguage\":\"en-US\",\"potentialAction\":[{\"@type\":\"ReadAction\",\"target\":[\"https:\\\/\\\/nursalud.org\\\/\"]}]},{\"@type\":\"ImageObject\",\"inLanguage\":\"en-US\",\"@id\":\"https:\\\/\\\/nursalud.org\\\/#primaryimage\",\"url\":\"https:\\\/\\\/nursalud.org\\\/wp-content\\\/uploads\\\/2024\\\/11\\\/GettyImages-1198390245-scaled.jpg\",\"contentUrl\":\"https:\\\/\\\/nursalud.org\\\/wp-content\\\/uploads\\\/2024\\\/11\\\/GettyImages-1198390245-scaled.jpg\",\"width\":1920,\"height\":960,\"caption\":\"NUR Salud Comunitaria\"},{\"@type\":\"BreadcrumbList\",\"@id\":\"https:\\\/\\\/nursalud.org\\\/#breadcrumb\",\"itemListElement\":[{\"@type\":\"ListItem\",\"position\":1,\"name\":\"Home\",\"item\":\"https:\\\/\\\/nursalud.org\\\/\"},{\"@type\":\"ListItem\",\"position\":2,\"name\":\"Home\"}]},{\"@type\":\"WebSite\",\"@id\":\"https:\\\/\\\/nursalud.org\\\/#website\",\"url\":\"https:\\\/\\\/nursalud.org\\\/\",\"name\":\"NUR Salud Comunitaria\",\"description\":\"SOMOS NUR\",\"publisher\":{\"@id\":\"https:\\\/\\\/nursalud.org\\\/#organization\"},\"potentialAction\":[{\"@type\":\"SearchAction\",\"target\":{\"@type\":\"EntryPoint\",\"urlTemplate\":\"https:\\\/\\\/nursalud.org\\\/?s={search_term_string}\"},\"query-input\":{\"@type\":\"PropertyValueSpecification\",\"valueRequired\":true,\"valueName\":\"search_term_string\"}}],\"inLanguage\":\"en-US\"},{\"@type\":\"Organization\",\"@id\":\"https:\\\/\\\/nursalud.org\\\/#organization\",\"name\":\"NUR Salud Comunitaria\",\"url\":\"https:\\\/\\\/nursalud.org\\\/\",\"logo\":{\"@type\":\"ImageObject\",\"inLanguage\":\"en-US\",\"@id\":\"https:\\\/\\\/nursalud.org\\\/#\\\/schema\\\/logo\\\/image\\\/\",\"url\":\"https:\\\/\\\/nursalud.org\\\/wp-content\\\/uploads\\\/2024\\\/11\\\/N.pdf-1.jpg\",\"contentUrl\":\"https:\\\/\\\/nursalud.org\\\/wp-content\\\/uploads\\\/2024\\\/11\\\/N.pdf-1.jpg\",\"width\":281,\"height\":82,\"caption\":\"NUR Salud Comunitaria\"},\"image\":{\"@id\":\"https:\\\/\\\/nursalud.org\\\/#\\\/schema\\\/logo\\\/image\\\/\"}}]}<\/script>\n<!-- \/ Yoast SEO plugin. -->","yoast_head_json":{"title":"Puerto Rico Health Services - NUR Salud Comunitaria","description":"Join NUR Salud Comunitaria, a regional nonprofit dedicated to Puerto Rico health services and community support. Get involved today!","robots":{"index":"index","follow":"follow","max-snippet":"max-snippet:-1","max-image-preview":"max-image-preview:large","max-video-preview":"max-video-preview:-1"},"canonical":"https:\/\/nursalud.org\/en\/wp-json\/wp\/v2\/pages\/10","og_locale":"en_US","og_type":"article","og_title":"Puerto Rico Health Services - NUR Salud Comunitaria","og_description":"Join NUR Salud Comunitaria, a regional nonprofit dedicated to Puerto Rico health services and community support. Get involved today!","og_url":"https:\/\/nursalud.org\/en\/","og_site_name":"NUR Salud Comunitaria","article_modified_time":"2026-03-30T18:41:30+00:00","og_image":[{"url":"https:\/\/nursalud.org\/wp-content\/uploads\/2024\/11\/GettyImages-1198390245-scaled.jpg","type":"","width":"","height":""}],"twitter_card":"summary_large_image","twitter_title":"Puerto Rico Health Services - NUR Salud Comunitaria","twitter_description":"Join NUR Salud Comunitaria, a regional nonprofit dedicated to Puerto Rico health services and community support. Get involved today!","twitter_image":"https:\/\/nursalud.org\/wp-content\/uploads\/2024\/11\/GettyImages-1198390245-scaled.jpg","twitter_misc":{"Est. reading time":"3 minutes"},"schema":{"@context":"https:\/\/schema.org","@graph":[{"@type":"WebPage","@id":"https:\/\/nursalud.org\/","url":"https:\/\/nursalud.org\/","name":"Puerto Rico Health Services - NUR Salud Comunitaria","isPartOf":{"@id":"https:\/\/nursalud.org\/#website"},"primaryImageOfPage":{"@id":"https:\/\/nursalud.org\/#primaryimage"},"image":{"@id":"https:\/\/nursalud.org\/#primaryimage"},"thumbnailUrl":"https:\/\/nursalud.org\/wp-content\/uploads\/2024\/11\/GettyImages-1198390245-scaled.jpg","datePublished":"2024-11-21T16:57:09+00:00","dateModified":"2026-03-30T18:41:30+00:00","description":"Join NUR Salud Comunitaria, a regional nonprofit dedicated to Puerto Rico health services and community support. Get involved today!","breadcrumb":{"@id":"https:\/\/nursalud.org\/#breadcrumb"},"inLanguage":"en-US","potentialAction":[{"@type":"ReadAction","target":["https:\/\/nursalud.org\/"]}]},{"@type":"ImageObject","inLanguage":"en-US","@id":"https:\/\/nursalud.org\/#primaryimage","url":"https:\/\/nursalud.org\/wp-content\/uploads\/2024\/11\/GettyImages-1198390245-scaled.jpg","contentUrl":"https:\/\/nursalud.org\/wp-content\/uploads\/2024\/11\/GettyImages-1198390245-scaled.jpg","width":1920,"height":960,"caption":"NUR Salud Comunitaria"},{"@type":"BreadcrumbList","@id":"https:\/\/nursalud.org\/#breadcrumb","itemListElement":[{"@type":"ListItem","position":1,"name":"Home","item":"https:\/\/nursalud.org\/"},{"@type":"ListItem","position":2,"name":"Home"}]},{"@type":"WebSite","@id":"https:\/\/nursalud.org\/#website","url":"https:\/\/nursalud.org\/","name":"NUR Salud Comunitaria","description":"SOMOS NUR","publisher":{"@id":"https:\/\/nursalud.org\/#organization"},"potentialAction":[{"@type":"SearchAction","target":{"@type":"EntryPoint","urlTemplate":"https:\/\/nursalud.org\/?s={search_term_string}"},"query-input":{"@type":"PropertyValueSpecification","valueRequired":true,"valueName":"search_term_string"}}],"inLanguage":"en-US"},{"@type":"Organization","@id":"https:\/\/nursalud.org\/#organization","name":"NUR Salud Comunitaria","url":"https:\/\/nursalud.org\/","logo":{"@type":"ImageObject","inLanguage":"en-US","@id":"https:\/\/nursalud.org\/#\/schema\/logo\/image\/","url":"https:\/\/nursalud.org\/wp-content\/uploads\/2024\/11\/N.pdf-1.jpg","contentUrl":"https:\/\/nursalud.org\/wp-content\/uploads\/2024\/11\/N.pdf-1.jpg","width":281,"height":82,"caption":"NUR Salud Comunitaria"},"image":{"@id":"https:\/\/nursalud.org\/#\/schema\/logo\/image\/"}}]}},"_links":{"self":[{"href":"https:\/\/nursalud.org\/en\/wp-json\/wp\/v2\/pages\/10","targetHints":{"allow":["GET"]}}],"collection":[{"href":"https:\/\/nursalud.org\/en\/wp-json\/wp\/v2\/pages"}],"about":[{"href":"https:\/\/nursalud.org\/en\/wp-json\/wp\/v2\/types\/page"}],"author":[{"embeddable":true,"href":"https:\/\/nursalud.org\/en\/wp-json\/wp\/v2\/users\/1"}],"replies":[{"embeddable":true,"href":"https:\/\/nursalud.org\/en\/wp-json\/wp\/v2\/comments?post=10"}],"version-history":[{"count":1,"href":"https:\/\/nursalud.org\/en\/wp-json\/wp\/v2\/pages\/10\/revisions"}],"predecessor-version":[{"id":24670,"href":"https:\/\/nursalud.org\/en\/wp-json\/wp\/v2\/pages\/10\/revisions\/24670"}],"wp:featuredmedia":[{"embeddable":true,"href":"https:\/\/nursalud.org\/en\/wp-json\/wp\/v2\/media\/24317"}],"wp:attachment":[{"href":"https:\/\/nursalud.org\/en\/wp-json\/wp\/v2\/media?parent=10"}],"curies":[{"name":"wp","href":"https:\/\/api.w.org\/{rel}","templated":true}]}}