{"id":12,"date":"2024-11-21T16:57:09","date_gmt":"2024-11-21T16:57:09","guid":{"rendered":"https:\/\/nursalud.org\/?page_id=12"},"modified":"2025-04-07T11:23:40","modified_gmt":"2025-04-07T15:23:40","slug":"about-us","status":"publish","type":"page","link":"https:\/\/nursalud.org\/en\/about-us\/","title":{"rendered":"About Us"},"content":{"rendered":"<img decoding=\"async\" src=\"https:\/\/nursalud.org\/wp-content\/uploads\/2025\/01\/1-3.webp\" alt=\"1 (3)\" itemprop=\"image\" height=\"876\" width=\"1090\" srcset=\"https:\/\/nursalud.org\/wp-content\/uploads\/2025\/01\/1-3.webp 1090w, https:\/\/nursalud.org\/wp-content\/uploads\/2025\/01\/1-3-300x241.webp 300w, https:\/\/nursalud.org\/wp-content\/uploads\/2025\/01\/1-3-1024x823.webp 1024w, https:\/\/nursalud.org\/wp-content\/uploads\/2025\/01\/1-3-768x617.webp 768w, https:\/\/nursalud.org\/wp-content\/uploads\/2025\/01\/1-3-15x12.webp 15w\" sizes=\"(max-width: 1090px) 100vw, 1090px\" title=\"1 (3)\" onerror=\"this.style.display='none'\" class=\"no-lazyload\" \/>\n\t\t<h1>\n\t\t\tCommitted to advancing healthcare access in Puerto Rico\n\t\t<\/h1>\n\t\t\t<p>En NUR Salud Comunitaria, somos una organizaci\u00f3n sin fines de lucro dedicada a mejorar el acceso a la atenci\u00f3n m\u00e9dica y promover la equidad en salud en Puerto Rico. Nuestra misi\u00f3n es cerrar las brechas en la atenci\u00f3n m\u00e9dica, especialmente para las comunidades desatendidas, proporcionando cuidados en el hogar, servicios m\u00f3viles de salud, pruebas preventivas, educaci\u00f3n comunitaria y defensa del paciente.Creemos que la salud es un derecho, no un privilegio. Sin importar el estatus socioecon\u00f3mico, las barreras geogr\u00e1ficas o las condiciones preexistentes, cada persona merece acceso a atenci\u00f3n m\u00e9dica de calidad. A trav\u00e9s de nuestro enfoque centrado en la comunidad, trabajamos incansablemente para empoderar a las personas, reducir las disparidades en salud y construir un Puerto Rico m\u00e1s resiliente y saludable.<\/p>\t\t\n\t\t\t<a href=\"https:\/\/nursalud.org\/en\/how-to-donate\/\" target=\"_self\">\n\t\t\t\t\t\t\tMake an Impact Today\n\t\t\t\t\t<\/a>\n\t\t<h1>\n\t\t\tCuidamos la salud de hoy \n\t\t\t\t\t\t\t\t\t\t\tpara garantizar el bienestar de ma\u00f1ana\n\t\t<\/h1>\n\t\t<h3>Mission<\/h3>\n\t\t\t<p>NUR Salud Comunitaria Inc. is committed to holistically improving the health and well-being of the communities we serve. We focus on promoting healthy lifestyles, preventing disease, and supporting the management of chronic health conditions. We are dedicated to providing accessible, high-quality services, health education, and wellness programs, ensuring that every person\u2014regardless of socioeconomic status\u2014has access to the resources needed to live a healthy and fulfilling life.<\/p>\t\t\n\t\t<h3>Vision<\/h3>\n\t\t\t<p>We strive to be recognized as leaders in transforming community health, with NUR Salud Comunitaria Inc. standing out for innovation in comprehensive care, health education, and empowering individuals in their health journeys. We aim to foster the creation of healthier and more resilient communities, where every individual can reach their fullest potential in physical, mental, and social well-being. Our vision is a world where health is a fundamental right for all, and where our interventions and programs serve as replicable models for the continuous improvement of public health.<\/p>","protected":false},"excerpt":{"rendered":"<p>Comprometidos con avanzar el acceso a la salud en Puerto Rico En NUR Salud Comunitaria, somos una organizaci\u00f3n sin fines de lucro dedicada a mejorar el acceso a la atenci\u00f3n m\u00e9dica y promover la equidad en salud en Puerto Rico. Nuestra misi\u00f3n es cerrar las brechas en la atenci\u00f3n m\u00e9dica, especialmente para las comunidades desatendidas,&hellip;<\/p>","protected":false},"author":1,"featured_media":24312,"parent":0,"menu_order":0,"comment_status":"closed","ping_status":"closed","template":"","meta":{"footnotes":""},"class_list":["post-12","page","type-page","status-publish","has-post-thumbnail","hentry"],"yoast_head":"<!-- This site is optimized with the Yoast SEO plugin v27.4 - https:\/\/yoast.com\/product\/yoast-seo-wordpress\/ -->\n<title>About Us - NUR Salud Comunitaria - Health Access Nonprofit<\/title>\n<meta name=\"description\" content=\"Discover how NUR Salud Comunitaria, a health access nonprofit, is transforming healthcare accessibility. Learn more.\" \/>\n<meta name=\"robots\" content=\"index, follow, max-snippet:-1, max-image-preview:large, max-video-preview:-1\" \/>\n<link rel=\"canonical\" href=\"https:\/\/nursalud.org\/en\/wp-json\/wp\/v2\/pages\/12\" \/>\n<meta property=\"og:locale\" content=\"en_US\" \/>\n<meta property=\"og:type\" content=\"article\" \/>\n<meta property=\"og:title\" content=\"About Us - NUR Salud Comunitaria - Health Access Nonprofit\" \/>\n<meta property=\"og:description\" content=\"Discover how NUR Salud Comunitaria, a health access nonprofit, is transforming healthcare accessibility. Learn more.\" \/>\n<meta property=\"og:url\" content=\"https:\/\/nursalud.org\/en\/about-us\/\" \/>\n<meta property=\"og:site_name\" content=\"NUR Salud Comunitaria\" \/>\n<meta property=\"article:modified_time\" content=\"2025-04-07T15:23:40+00:00\" \/>\n<meta property=\"og:image\" content=\"https:\/\/nursalud.org\/wp-content\/uploads\/2024\/11\/GettyImages-2153280427-scaled.jpg\" \/>\n<meta name=\"twitter:card\" content=\"summary_large_image\" \/>\n<meta name=\"twitter:title\" content=\"About Us - NUR Salud Comunitaria - Health Access Nonprofit\" \/>\n<meta name=\"twitter:description\" content=\"Discover how NUR Salud Comunitaria, a health access nonprofit, is transforming healthcare accessibility. Learn more.\" \/>\n<meta name=\"twitter:image\" content=\"https:\/\/nursalud.org\/wp-content\/uploads\/2024\/11\/GettyImages-2153280427-scaled.jpg\" \/>\n<meta name=\"twitter:label1\" content=\"Est. reading time\" \/>\n\t<meta name=\"twitter:data1\" content=\"2 minutes\" \/>\n<script type=\"application\/ld+json\" class=\"yoast-schema-graph\">{\"@context\":\"https:\\\/\\\/schema.org\",\"@graph\":[{\"@type\":\"WebPage\",\"@id\":\"https:\\\/\\\/nursalud.org\\\/about-us\\\/\",\"url\":\"https:\\\/\\\/nursalud.org\\\/about-us\\\/\",\"name\":\"About Us - NUR Salud Comunitaria - Health Access Nonprofit\",\"isPartOf\":{\"@id\":\"https:\\\/\\\/nursalud.org\\\/#website\"},\"primaryImageOfPage\":{\"@id\":\"https:\\\/\\\/nursalud.org\\\/about-us\\\/#primaryimage\"},\"image\":{\"@id\":\"https:\\\/\\\/nursalud.org\\\/about-us\\\/#primaryimage\"},\"thumbnailUrl\":\"https:\\\/\\\/nursalud.org\\\/wp-content\\\/uploads\\\/2024\\\/11\\\/GettyImages-2153280427-scaled.jpg\",\"datePublished\":\"2024-11-21T16:57:09+00:00\",\"dateModified\":\"2025-04-07T15:23:40+00:00\",\"description\":\"Discover how NUR Salud Comunitaria, a health access nonprofit, is transforming healthcare accessibility. Learn more.\",\"breadcrumb\":{\"@id\":\"https:\\\/\\\/nursalud.org\\\/about-us\\\/#breadcrumb\"},\"inLanguage\":\"en-US\",\"potentialAction\":[{\"@type\":\"ReadAction\",\"target\":[\"https:\\\/\\\/nursalud.org\\\/about-us\\\/\"]}]},{\"@type\":\"ImageObject\",\"inLanguage\":\"en-US\",\"@id\":\"https:\\\/\\\/nursalud.org\\\/about-us\\\/#primaryimage\",\"url\":\"https:\\\/\\\/nursalud.org\\\/wp-content\\\/uploads\\\/2024\\\/11\\\/GettyImages-2153280427-scaled.jpg\",\"contentUrl\":\"https:\\\/\\\/nursalud.org\\\/wp-content\\\/uploads\\\/2024\\\/11\\\/GettyImages-2153280427-scaled.jpg\",\"width\":1920,\"height\":938,\"caption\":\"NUR Salud Comunitaria\"},{\"@type\":\"BreadcrumbList\",\"@id\":\"https:\\\/\\\/nursalud.org\\\/about-us\\\/#breadcrumb\",\"itemListElement\":[{\"@type\":\"ListItem\",\"position\":1,\"name\":\"Home\",\"item\":\"https:\\\/\\\/nursalud.org\\\/\"},{\"@type\":\"ListItem\",\"position\":2,\"name\":\"About Us\"}]},{\"@type\":\"WebSite\",\"@id\":\"https:\\\/\\\/nursalud.org\\\/#website\",\"url\":\"https:\\\/\\\/nursalud.org\\\/\",\"name\":\"NUR Salud Comunitaria\",\"description\":\"SOMOS NUR\",\"publisher\":{\"@id\":\"https:\\\/\\\/nursalud.org\\\/#organization\"},\"potentialAction\":[{\"@type\":\"SearchAction\",\"target\":{\"@type\":\"EntryPoint\",\"urlTemplate\":\"https:\\\/\\\/nursalud.org\\\/?s={search_term_string}\"},\"query-input\":{\"@type\":\"PropertyValueSpecification\",\"valueRequired\":true,\"valueName\":\"search_term_string\"}}],\"inLanguage\":\"en-US\"},{\"@type\":\"Organization\",\"@id\":\"https:\\\/\\\/nursalud.org\\\/#organization\",\"name\":\"NUR Salud Comunitaria\",\"url\":\"https:\\\/\\\/nursalud.org\\\/\",\"logo\":{\"@type\":\"ImageObject\",\"inLanguage\":\"en-US\",\"@id\":\"https:\\\/\\\/nursalud.org\\\/#\\\/schema\\\/logo\\\/image\\\/\",\"url\":\"https:\\\/\\\/nursalud.org\\\/wp-content\\\/uploads\\\/2024\\\/11\\\/N.pdf-1.jpg\",\"contentUrl\":\"https:\\\/\\\/nursalud.org\\\/wp-content\\\/uploads\\\/2024\\\/11\\\/N.pdf-1.jpg\",\"width\":281,\"height\":82,\"caption\":\"NUR Salud Comunitaria\"},\"image\":{\"@id\":\"https:\\\/\\\/nursalud.org\\\/#\\\/schema\\\/logo\\\/image\\\/\"}}]}<\/script>\n<!-- \/ Yoast SEO plugin. -->","yoast_head_json":{"title":"About Us - NUR Salud Comunitaria - Health Access Nonprofit","description":"Discover how NUR Salud Comunitaria, a health access nonprofit, is transforming healthcare accessibility. Learn more.","robots":{"index":"index","follow":"follow","max-snippet":"max-snippet:-1","max-image-preview":"max-image-preview:large","max-video-preview":"max-video-preview:-1"},"canonical":"https:\/\/nursalud.org\/en\/wp-json\/wp\/v2\/pages\/12","og_locale":"en_US","og_type":"article","og_title":"About Us - NUR Salud Comunitaria - Health Access Nonprofit","og_description":"Discover how NUR Salud Comunitaria, a health access nonprofit, is transforming healthcare accessibility. Learn more.","og_url":"https:\/\/nursalud.org\/en\/about-us\/","og_site_name":"NUR Salud Comunitaria","article_modified_time":"2025-04-07T15:23:40+00:00","og_image":[{"url":"https:\/\/nursalud.org\/wp-content\/uploads\/2024\/11\/GettyImages-2153280427-scaled.jpg","type":"","width":"","height":""}],"twitter_card":"summary_large_image","twitter_title":"About Us - NUR Salud Comunitaria - Health Access Nonprofit","twitter_description":"Discover how NUR Salud Comunitaria, a health access nonprofit, is transforming healthcare accessibility. Learn more.","twitter_image":"https:\/\/nursalud.org\/wp-content\/uploads\/2024\/11\/GettyImages-2153280427-scaled.jpg","twitter_misc":{"Est. reading time":"2 minutes"},"schema":{"@context":"https:\/\/schema.org","@graph":[{"@type":"WebPage","@id":"https:\/\/nursalud.org\/about-us\/","url":"https:\/\/nursalud.org\/about-us\/","name":"About Us - NUR Salud Comunitaria - Health Access Nonprofit","isPartOf":{"@id":"https:\/\/nursalud.org\/#website"},"primaryImageOfPage":{"@id":"https:\/\/nursalud.org\/about-us\/#primaryimage"},"image":{"@id":"https:\/\/nursalud.org\/about-us\/#primaryimage"},"thumbnailUrl":"https:\/\/nursalud.org\/wp-content\/uploads\/2024\/11\/GettyImages-2153280427-scaled.jpg","datePublished":"2024-11-21T16:57:09+00:00","dateModified":"2025-04-07T15:23:40+00:00","description":"Discover how NUR Salud Comunitaria, a health access nonprofit, is transforming healthcare accessibility. Learn more.","breadcrumb":{"@id":"https:\/\/nursalud.org\/about-us\/#breadcrumb"},"inLanguage":"en-US","potentialAction":[{"@type":"ReadAction","target":["https:\/\/nursalud.org\/about-us\/"]}]},{"@type":"ImageObject","inLanguage":"en-US","@id":"https:\/\/nursalud.org\/about-us\/#primaryimage","url":"https:\/\/nursalud.org\/wp-content\/uploads\/2024\/11\/GettyImages-2153280427-scaled.jpg","contentUrl":"https:\/\/nursalud.org\/wp-content\/uploads\/2024\/11\/GettyImages-2153280427-scaled.jpg","width":1920,"height":938,"caption":"NUR Salud Comunitaria"},{"@type":"BreadcrumbList","@id":"https:\/\/nursalud.org\/about-us\/#breadcrumb","itemListElement":[{"@type":"ListItem","position":1,"name":"Home","item":"https:\/\/nursalud.org\/"},{"@type":"ListItem","position":2,"name":"About Us"}]},{"@type":"WebSite","@id":"https:\/\/nursalud.org\/#website","url":"https:\/\/nursalud.org\/","name":"NUR Salud Comunitaria","description":"SOMOS NUR","publisher":{"@id":"https:\/\/nursalud.org\/#organization"},"potentialAction":[{"@type":"SearchAction","target":{"@type":"EntryPoint","urlTemplate":"https:\/\/nursalud.org\/?s={search_term_string}"},"query-input":{"@type":"PropertyValueSpecification","valueRequired":true,"valueName":"search_term_string"}}],"inLanguage":"en-US"},{"@type":"Organization","@id":"https:\/\/nursalud.org\/#organization","name":"NUR Salud Comunitaria","url":"https:\/\/nursalud.org\/","logo":{"@type":"ImageObject","inLanguage":"en-US","@id":"https:\/\/nursalud.org\/#\/schema\/logo\/image\/","url":"https:\/\/nursalud.org\/wp-content\/uploads\/2024\/11\/N.pdf-1.jpg","contentUrl":"https:\/\/nursalud.org\/wp-content\/uploads\/2024\/11\/N.pdf-1.jpg","width":281,"height":82,"caption":"NUR Salud Comunitaria"},"image":{"@id":"https:\/\/nursalud.org\/#\/schema\/logo\/image\/"}}]}},"_links":{"self":[{"href":"https:\/\/nursalud.org\/en\/wp-json\/wp\/v2\/pages\/12","targetHints":{"allow":["GET"]}}],"collection":[{"href":"https:\/\/nursalud.org\/en\/wp-json\/wp\/v2\/pages"}],"about":[{"href":"https:\/\/nursalud.org\/en\/wp-json\/wp\/v2\/types\/page"}],"author":[{"embeddable":true,"href":"https:\/\/nursalud.org\/en\/wp-json\/wp\/v2\/users\/1"}],"replies":[{"embeddable":true,"href":"https:\/\/nursalud.org\/en\/wp-json\/wp\/v2\/comments?post=12"}],"version-history":[{"count":0,"href":"https:\/\/nursalud.org\/en\/wp-json\/wp\/v2\/pages\/12\/revisions"}],"wp:featuredmedia":[{"embeddable":true,"href":"https:\/\/nursalud.org\/en\/wp-json\/wp\/v2\/media\/24312"}],"wp:attachment":[{"href":"https:\/\/nursalud.org\/en\/wp-json\/wp\/v2\/media?parent=12"}],"curies":[{"name":"wp","href":"https:\/\/api.w.org\/{rel}","templated":true}]}}