{"id":14,"date":"2024-11-21T16:57:09","date_gmt":"2024-11-21T16:57:09","guid":{"rendered":"https:\/\/nursalud.org\/?page_id=14"},"modified":"2025-04-07T12:19:14","modified_gmt":"2025-04-07T16:19:14","slug":"our-services","status":"publish","type":"page","link":"https:\/\/nursalud.org\/en\/our-services\/","title":{"rendered":"Our Services"},"content":{"rendered":"<h1>\n\t\t\tOur Services\n\t\t<\/h1>\n\t\t<h3>In-Home Healthcare Services<\/h3>\n\t\t\t<p>En NUR Salud Comunitaria, creemos que la atenci\u00f3n m\u00e9dica debe llegar a las personas donde se encuentren. Nuestros servicios de visitas domiciliarias garantizan que aquellos con dificultades de movilidad, condiciones cr\u00f3nicas o barreras de transporte reciban atenci\u00f3n m\u00e9dica de alta calidad y personalizada en la comodidad de sus hogares.Nuestro equipo de promotores de la salud brindan chequeos de rutina, manejo de enfermedades cr\u00f3nicas, cuidado de heridas, administraci\u00f3n de medicamentos y seguimiento m\u00e9dico para apoyar el bienestar a largo plazo. Al ofrecer atenci\u00f3n m\u00e9dica en el hogar, ayudamos a reducir visitas innecesarias al hospital, mejorar los resultados de los pacientes y promover la dignidad y la independencia de quienes m\u00e1s lo necesitan.<\/p>\t\t\n\t\t<h3>Preventive Health Screenings<\/h3>\n\t\t\t<p>En NUR Salud Comunitaria, entendemos que prevenir problemas de salud antes de que se agraven es clave para el bienestar a largo plazo. Ofrecemos una variedad de ex\u00e1menes de salud preventivos dise\u00f1ados para detectar posibles problemas de salud en sus etapas iniciales. La detecci\u00f3n temprana puede marcar la diferencia en el manejo efectivo de las condiciones de salud.Al ofrecer estos ex\u00e1menes en lugares accesibles, brindamos a las personas la oportunidad de abordar riesgos de salud antes de que se vuelvan m\u00e1s graves. Adem\u00e1s, proporcionamos educaci\u00f3n sobre cambios en el estilo de vida y estrategias de prevenci\u00f3n, ayudando a los pacientes a tomar decisiones informadas sobre su salud.<\/p>\t\t\n\t\t<h3>Community Health Education and Wellness Programs<\/h3>\n\t\t\tLa educaci\u00f3n en salud es un pilar fundamental de nuestra misi\u00f3n para construir comunidades m\u00e1s saludables. Nuestros talleres de salud comunitaria y programas de bienestar est\u00e1n dise\u00f1ados para proporcionar conocimientos pr\u00e1cticos sobre c\u00f3mo mantener una buena salud y prevenir enfermedades.Estos programas abarcan temas como educaci\u00f3n nutricional, concienciaci\u00f3n sobre la salud mental, rutinas de ejercicio, prevenci\u00f3n de enfermedades y preparaci\u00f3n para emergencias. Al empoderar a las personas con la informaci\u00f3n que necesitan, promovemos una cultura de autocuidado y prevenci\u00f3n dentro de la comunidad.Nuestros talleres est\u00e1n adaptados para responder a las diversas necesidades de los participantes, con materiales y ense\u00f1anzas culturalmente relevantes y de f\u00e1cil comprensi\u00f3n. Nuestro objetivo es fortalecer la alfabetizaci\u00f3n en salud, permitiendo que las personas tomen decisiones proactivas sobre su bienestar.\t\t\n\t\t<h3>Patient Navigation and Healthcare Access Support<\/h3>\n\t\t\t<p>Acceder a la atenci\u00f3n m\u00e9dica puede ser un proceso abrumador, especialmente al navegar sistemas de salud complejos o enfrentar limitaciones financieras. Nuestro servicio de Navegaci\u00f3n del Paciente y Apoyo para el Acceso a la Salud est\u00e1 dise\u00f1ado para hacer que la atenci\u00f3n m\u00e9dica sea m\u00e1s accesible, ayudando a los pacientes a superar desaf\u00edos log\u00edsticos.Ya sea coordinando transporte para citas m\u00e9dicas, ayudando a los pacientes a comprender sus opciones de seguro de salud o conect\u00e1ndolos con recursos locales de asistencia financiera, brindamos apoyo personalizado para garantizar un acceso sin obst\u00e1culos a la atenci\u00f3n m\u00e9dica.Nuestro equipo trabaja de cerca con los pacientes para agendar citas, encontrar opciones de atenci\u00f3n asequibles y brindar orientaci\u00f3n sobre tratamientos m\u00e9dicos, ayud\u00e1ndolos a sentirse seguros y respaldados en el manejo de su salud. Creemos que todas las personas deben tener igualdad de oportunidades para recibir la atenci\u00f3n m\u00e9dica que merecen.<\/p>\t\t\n\t\t\t<a href=\"\/en\/contact\/\" target=\"_self\">\n\t\t\t\t\t\t\tContact Us Now\n\t\t\t\t\t<\/a>","protected":false},"excerpt":{"rendered":"<p>Nuestros servicios Servicios de Atenci\u00f3n M\u00e9dica en el Hogar En NUR Salud Comunitaria, creemos que la atenci\u00f3n m\u00e9dica debe llegar a las personas donde se encuentren. Nuestros servicios de visitas domiciliarias garantizan que aquellos con dificultades de movilidad, condiciones cr\u00f3nicas o barreras de transporte reciban atenci\u00f3n m\u00e9dica de alta calidad y personalizada en la comodidad&hellip;<\/p>","protected":false},"author":1,"featured_media":24401,"parent":0,"menu_order":0,"comment_status":"closed","ping_status":"closed","template":"","meta":{"footnotes":""},"class_list":["post-14","page","type-page","status-publish","has-post-thumbnail","hentry"],"yoast_head":"<!-- This site is optimized with the Yoast SEO plugin v27.4 - https:\/\/yoast.com\/product\/yoast-seo-wordpress\/ -->\n<title>Community Medical Services - NUR Salud Comunitaria<\/title>\n<meta name=\"description\" content=\"Explore community medical services by NUR Salud Comunitaria. Learn how we can support your healthcare needs.\" \/>\n<meta name=\"robots\" content=\"index, follow, max-snippet:-1, max-image-preview:large, max-video-preview:-1\" \/>\n<link rel=\"canonical\" href=\"https:\/\/nursalud.org\/en\/wp-json\/wp\/v2\/pages\/14\" \/>\n<meta property=\"og:locale\" content=\"en_US\" \/>\n<meta property=\"og:type\" content=\"article\" \/>\n<meta property=\"og:title\" content=\"Community Medical Services - NUR Salud Comunitaria\" \/>\n<meta property=\"og:description\" content=\"Explore community medical services by NUR Salud Comunitaria. Learn how we can support your healthcare needs.\" \/>\n<meta property=\"og:url\" content=\"https:\/\/nursalud.org\/en\/our-services\/\" \/>\n<meta property=\"og:site_name\" content=\"NUR Salud Comunitaria\" \/>\n<meta property=\"article:modified_time\" content=\"2025-04-07T16:19:14+00:00\" \/>\n<meta property=\"og:image\" content=\"https:\/\/nursalud.org\/wp-content\/uploads\/2024\/11\/image-3.webp\" \/>\n<meta name=\"twitter:card\" content=\"summary_large_image\" \/>\n<meta name=\"twitter:title\" content=\"Community Medical Services - NUR Salud Comunitaria\" \/>\n<meta name=\"twitter:description\" content=\"Explore community medical services by NUR Salud Comunitaria. Learn how we can support your healthcare needs.\" \/>\n<meta name=\"twitter:image\" content=\"https:\/\/nursalud.org\/wp-content\/uploads\/2024\/11\/image-3.webp\" \/>\n<meta name=\"twitter:label1\" content=\"Est. reading time\" \/>\n\t<meta name=\"twitter:data1\" content=\"3 minutes\" \/>\n<script type=\"application\/ld+json\" class=\"yoast-schema-graph\">{\"@context\":\"https:\\\/\\\/schema.org\",\"@graph\":[{\"@type\":\"WebPage\",\"@id\":\"https:\\\/\\\/nursalud.org\\\/our-services\\\/\",\"url\":\"https:\\\/\\\/nursalud.org\\\/our-services\\\/\",\"name\":\"Community Medical Services - NUR Salud Comunitaria\",\"isPartOf\":{\"@id\":\"https:\\\/\\\/nursalud.org\\\/#website\"},\"primaryImageOfPage\":{\"@id\":\"https:\\\/\\\/nursalud.org\\\/our-services\\\/#primaryimage\"},\"image\":{\"@id\":\"https:\\\/\\\/nursalud.org\\\/our-services\\\/#primaryimage\"},\"thumbnailUrl\":\"https:\\\/\\\/nursalud.org\\\/wp-content\\\/uploads\\\/2024\\\/11\\\/image-3.webp\",\"datePublished\":\"2024-11-21T16:57:09+00:00\",\"dateModified\":\"2025-04-07T16:19:14+00:00\",\"description\":\"Explore community medical services by NUR Salud Comunitaria. Learn how we can support your healthcare needs.\",\"breadcrumb\":{\"@id\":\"https:\\\/\\\/nursalud.org\\\/our-services\\\/#breadcrumb\"},\"inLanguage\":\"en-US\",\"potentialAction\":[{\"@type\":\"ReadAction\",\"target\":[\"https:\\\/\\\/nursalud.org\\\/our-services\\\/\"]}]},{\"@type\":\"ImageObject\",\"inLanguage\":\"en-US\",\"@id\":\"https:\\\/\\\/nursalud.org\\\/our-services\\\/#primaryimage\",\"url\":\"https:\\\/\\\/nursalud.org\\\/wp-content\\\/uploads\\\/2024\\\/11\\\/image-3.webp\",\"contentUrl\":\"https:\\\/\\\/nursalud.org\\\/wp-content\\\/uploads\\\/2024\\\/11\\\/image-3.webp\",\"width\":1280,\"height\":800,\"caption\":\"NUR Salud Comunitaria\"},{\"@type\":\"BreadcrumbList\",\"@id\":\"https:\\\/\\\/nursalud.org\\\/our-services\\\/#breadcrumb\",\"itemListElement\":[{\"@type\":\"ListItem\",\"position\":1,\"name\":\"Home\",\"item\":\"https:\\\/\\\/nursalud.org\\\/\"},{\"@type\":\"ListItem\",\"position\":2,\"name\":\"Our Services\"}]},{\"@type\":\"WebSite\",\"@id\":\"https:\\\/\\\/nursalud.org\\\/#website\",\"url\":\"https:\\\/\\\/nursalud.org\\\/\",\"name\":\"NUR Salud Comunitaria\",\"description\":\"SOMOS NUR\",\"publisher\":{\"@id\":\"https:\\\/\\\/nursalud.org\\\/#organization\"},\"potentialAction\":[{\"@type\":\"SearchAction\",\"target\":{\"@type\":\"EntryPoint\",\"urlTemplate\":\"https:\\\/\\\/nursalud.org\\\/?s={search_term_string}\"},\"query-input\":{\"@type\":\"PropertyValueSpecification\",\"valueRequired\":true,\"valueName\":\"search_term_string\"}}],\"inLanguage\":\"en-US\"},{\"@type\":\"Organization\",\"@id\":\"https:\\\/\\\/nursalud.org\\\/#organization\",\"name\":\"NUR Salud Comunitaria\",\"url\":\"https:\\\/\\\/nursalud.org\\\/\",\"logo\":{\"@type\":\"ImageObject\",\"inLanguage\":\"en-US\",\"@id\":\"https:\\\/\\\/nursalud.org\\\/#\\\/schema\\\/logo\\\/image\\\/\",\"url\":\"https:\\\/\\\/nursalud.org\\\/wp-content\\\/uploads\\\/2024\\\/11\\\/N.pdf-1.jpg\",\"contentUrl\":\"https:\\\/\\\/nursalud.org\\\/wp-content\\\/uploads\\\/2024\\\/11\\\/N.pdf-1.jpg\",\"width\":281,\"height\":82,\"caption\":\"NUR Salud Comunitaria\"},\"image\":{\"@id\":\"https:\\\/\\\/nursalud.org\\\/#\\\/schema\\\/logo\\\/image\\\/\"}}]}<\/script>\n<!-- \/ Yoast SEO plugin. -->","yoast_head_json":{"title":"Community Medical Services - NUR Salud Comunitaria","description":"Explore community medical services by NUR Salud Comunitaria. Learn how we can support your healthcare needs.","robots":{"index":"index","follow":"follow","max-snippet":"max-snippet:-1","max-image-preview":"max-image-preview:large","max-video-preview":"max-video-preview:-1"},"canonical":"https:\/\/nursalud.org\/en\/wp-json\/wp\/v2\/pages\/14","og_locale":"en_US","og_type":"article","og_title":"Community Medical Services - NUR Salud Comunitaria","og_description":"Explore community medical services by NUR Salud Comunitaria. Learn how we can support your healthcare needs.","og_url":"https:\/\/nursalud.org\/en\/our-services\/","og_site_name":"NUR Salud Comunitaria","article_modified_time":"2025-04-07T16:19:14+00:00","og_image":[{"url":"https:\/\/nursalud.org\/wp-content\/uploads\/2024\/11\/image-3.webp","type":"","width":"","height":""}],"twitter_card":"summary_large_image","twitter_title":"Community Medical Services - NUR Salud Comunitaria","twitter_description":"Explore community medical services by NUR Salud Comunitaria. Learn how we can support your healthcare needs.","twitter_image":"https:\/\/nursalud.org\/wp-content\/uploads\/2024\/11\/image-3.webp","twitter_misc":{"Est. reading time":"3 minutes"},"schema":{"@context":"https:\/\/schema.org","@graph":[{"@type":"WebPage","@id":"https:\/\/nursalud.org\/our-services\/","url":"https:\/\/nursalud.org\/our-services\/","name":"Community Medical Services - NUR Salud Comunitaria","isPartOf":{"@id":"https:\/\/nursalud.org\/#website"},"primaryImageOfPage":{"@id":"https:\/\/nursalud.org\/our-services\/#primaryimage"},"image":{"@id":"https:\/\/nursalud.org\/our-services\/#primaryimage"},"thumbnailUrl":"https:\/\/nursalud.org\/wp-content\/uploads\/2024\/11\/image-3.webp","datePublished":"2024-11-21T16:57:09+00:00","dateModified":"2025-04-07T16:19:14+00:00","description":"Explore community medical services by NUR Salud Comunitaria. Learn how we can support your healthcare needs.","breadcrumb":{"@id":"https:\/\/nursalud.org\/our-services\/#breadcrumb"},"inLanguage":"en-US","potentialAction":[{"@type":"ReadAction","target":["https:\/\/nursalud.org\/our-services\/"]}]},{"@type":"ImageObject","inLanguage":"en-US","@id":"https:\/\/nursalud.org\/our-services\/#primaryimage","url":"https:\/\/nursalud.org\/wp-content\/uploads\/2024\/11\/image-3.webp","contentUrl":"https:\/\/nursalud.org\/wp-content\/uploads\/2024\/11\/image-3.webp","width":1280,"height":800,"caption":"NUR Salud Comunitaria"},{"@type":"BreadcrumbList","@id":"https:\/\/nursalud.org\/our-services\/#breadcrumb","itemListElement":[{"@type":"ListItem","position":1,"name":"Home","item":"https:\/\/nursalud.org\/"},{"@type":"ListItem","position":2,"name":"Our Services"}]},{"@type":"WebSite","@id":"https:\/\/nursalud.org\/#website","url":"https:\/\/nursalud.org\/","name":"NUR Salud Comunitaria","description":"SOMOS NUR","publisher":{"@id":"https:\/\/nursalud.org\/#organization"},"potentialAction":[{"@type":"SearchAction","target":{"@type":"EntryPoint","urlTemplate":"https:\/\/nursalud.org\/?s={search_term_string}"},"query-input":{"@type":"PropertyValueSpecification","valueRequired":true,"valueName":"search_term_string"}}],"inLanguage":"en-US"},{"@type":"Organization","@id":"https:\/\/nursalud.org\/#organization","name":"NUR Salud Comunitaria","url":"https:\/\/nursalud.org\/","logo":{"@type":"ImageObject","inLanguage":"en-US","@id":"https:\/\/nursalud.org\/#\/schema\/logo\/image\/","url":"https:\/\/nursalud.org\/wp-content\/uploads\/2024\/11\/N.pdf-1.jpg","contentUrl":"https:\/\/nursalud.org\/wp-content\/uploads\/2024\/11\/N.pdf-1.jpg","width":281,"height":82,"caption":"NUR Salud Comunitaria"},"image":{"@id":"https:\/\/nursalud.org\/#\/schema\/logo\/image\/"}}]}},"_links":{"self":[{"href":"https:\/\/nursalud.org\/en\/wp-json\/wp\/v2\/pages\/14","targetHints":{"allow":["GET"]}}],"collection":[{"href":"https:\/\/nursalud.org\/en\/wp-json\/wp\/v2\/pages"}],"about":[{"href":"https:\/\/nursalud.org\/en\/wp-json\/wp\/v2\/types\/page"}],"author":[{"embeddable":true,"href":"https:\/\/nursalud.org\/en\/wp-json\/wp\/v2\/users\/1"}],"replies":[{"embeddable":true,"href":"https:\/\/nursalud.org\/en\/wp-json\/wp\/v2\/comments?post=14"}],"version-history":[{"count":0,"href":"https:\/\/nursalud.org\/en\/wp-json\/wp\/v2\/pages\/14\/revisions"}],"wp:featuredmedia":[{"embeddable":true,"href":"https:\/\/nursalud.org\/en\/wp-json\/wp\/v2\/media\/24401"}],"wp:attachment":[{"href":"https:\/\/nursalud.org\/en\/wp-json\/wp\/v2\/media?parent=14"}],"curies":[{"name":"wp","href":"https:\/\/api.w.org\/{rel}","templated":true}]}}