{"id":16,"date":"2024-11-21T16:57:09","date_gmt":"2024-11-21T16:57:09","guid":{"rendered":"https:\/\/nursalud.org\/?page_id=16"},"modified":"2025-04-07T17:24:52","modified_gmt":"2025-04-07T21:24:52","slug":"initiatives","status":"publish","type":"page","link":"https:\/\/nursalud.org\/en\/initiatives\/","title":{"rendered":"Initiatives"},"content":{"rendered":"<img decoding=\"async\" src=\"https:\/\/nursalud.org\/wp-content\/uploads\/2025\/04\/Screen-Shot-2025-04-07-at-5.19.57-PM.png\" alt=\"Screen Shot 2025-04-07 at 5.19.57 PM\" itemprop=\"image\" height=\"536\" width=\"796\" srcset=\"https:\/\/nursalud.org\/wp-content\/uploads\/2025\/04\/Screen-Shot-2025-04-07-at-5.19.57-PM.png 796w, https:\/\/nursalud.org\/wp-content\/uploads\/2025\/04\/Screen-Shot-2025-04-07-at-5.19.57-PM-300x202.png 300w, https:\/\/nursalud.org\/wp-content\/uploads\/2025\/04\/Screen-Shot-2025-04-07-at-5.19.57-PM-768x517.png 768w, https:\/\/nursalud.org\/wp-content\/uploads\/2025\/04\/Screen-Shot-2025-04-07-at-5.19.57-PM-18x12.png 18w\" sizes=\"(max-width: 796px) 100vw, 796px\" title=\"Screen Shot 2025-04-07 at 5.19.57 PM\" onerror=\"this.style.display='none'\" class=\"no-lazyload\" \/>\n\t\t<h1>\n\t\t\tOur Current Initiative: Pilot Project in Vieques\n\t\t<\/h1>\n\t\t\t<p>En NUR Salud Comunitaria, nuestro trabajo se basa en actuar donde m\u00e1s se necesita, y nuestro proyecto piloto en Vieques es un reflejo de ese compromiso. Vieques, un peque\u00f1o municipio isle\u00f1o frente a la costa de Puerto Rico, ha enfrentado durante mucho tiempo graves desaf\u00edos en el acceso a la salud -desde el cierre de su \u00fanico hospital tras el hurac\u00e1n Mar\u00eda en 2017 hasta brechas persistentes en la disponibilidad de servicios m\u00e9dicos esenciales.Nuestro proyecto piloto busca llevar la atenci\u00f3n m\u00e9dica directamente a la comunidad, enfoc\u00e1ndose en brindar servicios accesibles y centrados en la comunidad para residentes que a menudo enfrentan largas distancias, barreras de transporte y una infraestructura m\u00e9dica limitada.<\/p>\t\t\n\t\t<h1>\n\t\t\tWhat We\u2019re Doing\n\t\t<\/h1>\n\t\t<h3>In-Home Health Services<\/h3>\n\t\t\tWe conduct home visits to provide basic health checkups, support for managing chronic illnesses, and medical follow-up for individuals who face difficulties accessing healthcare.\t\t\n\t\t<h3>Preventive Health Screenings<\/h3>\n\t\t\t<p>We offer on-site health screenings for hypertension, diabetes, mental health, and other key indicators, aiming to identify health issues early and connect residents with the care they need.<\/p>\t\t\n\t\t<h3>Health Ambassadors<\/h3>\n\t\t\t<p>We employ and train local residents to serve as health ambassadors, equipping them with knowledge and tools to support their neighbors and act as a bridge between the community and healthcare providers.<\/p>\t\t\n\t\t<h3>Health Education Workshops<\/h3>\n\t\t\tWe organize community workshops focused on disease prevention, mental health awareness, nutrition, and general wellness, ensuring residents have the knowledge they need to prioritize their health.\t\t\n\t\t<h3>Patient Navigation Support<\/h3>\n\t\t\t<p>We help individuals schedule medical appointments, coordinate referrals, and overcome barriers to accessing healthcare\u2014ensuring that everyone receives the care they deserve.<\/p>\t\t\n\t\t<h2>Why this matters?<\/h2>\n\t\t\t<p>En Vieques, la atenci\u00f3n m\u00e9dica tard\u00eda o inaccesible puede significar la diferencia entre la vida y la muerte. La falta de instalaciones m\u00e9dicas y los viajes costosos y largos a la isla principal han convertido el acceso a la salud en un desaf\u00edo diario para los residentes.Nuestro proyecto est\u00e1 dise\u00f1ado para eliminar esas barreras, garantizando que la atenci\u00f3n m\u00e9dica llegue a cada persona, sin importar sus circunstancias.<\/p>\t\t\n\t\t<h2>Looking Ahead<\/h2>\n\t\t\t<p>Nuestro proyecto piloto es solo el comienzo. Nuestro objetivo es expandir nuestros servicios a m\u00e1s comunidades en Vieques y utilizar este modelo para informar e inspirar iniciativas similares en toda Puerto Rico.A trav\u00e9s de este trabajo, aspiramos a crear un sistema donde la atenci\u00f3n m\u00e9dica no sea algo que las personas tengan que perseguir, sino algo que llegue directamente a ellas.Juntos, estamos construyendo un futuro m\u00e1s saludable y resiliente-un hogar, una familia y una comunidad a la vez.<\/p>","protected":false},"excerpt":{"rendered":"<p>Nuestra Iniciativa Actual: Proyecto Piloto en Vieques En NUR Salud Comunitaria, nuestro trabajo se basa en actuar donde m\u00e1s se necesita, y nuestro proyecto piloto en Vieques es un reflejo de ese compromiso. Vieques, un peque\u00f1o municipio isle\u00f1o frente a la costa de Puerto Rico, ha enfrentado durante mucho tiempo graves desaf\u00edos en el acceso&hellip;<\/p>","protected":false},"author":1,"featured_media":24402,"parent":0,"menu_order":0,"comment_status":"closed","ping_status":"closed","template":"","meta":{"footnotes":""},"class_list":["post-16","page","type-page","status-publish","has-post-thumbnail","hentry"],"yoast_head":"<!-- This site is optimized with the Yoast SEO plugin v27.4 - https:\/\/yoast.com\/product\/yoast-seo-wordpress\/ -->\n<title>Puerto Rico Health Nonprofit - NUR Salud Comunitaria<\/title>\n<meta name=\"description\" content=\"Explore our impact as a community health nonprofit, in Puerto Rico. Discover how NUR Salud Comunitaria is revolutionizing healthcare.\" \/>\n<meta name=\"robots\" content=\"index, follow, max-snippet:-1, max-image-preview:large, max-video-preview:-1\" \/>\n<link rel=\"canonical\" href=\"https:\/\/nursalud.org\/en\/wp-json\/wp\/v2\/pages\/16\" \/>\n<meta property=\"og:locale\" content=\"en_US\" \/>\n<meta property=\"og:type\" content=\"article\" \/>\n<meta property=\"og:title\" content=\"Puerto Rico Health Nonprofit - NUR Salud Comunitaria\" \/>\n<meta property=\"og:description\" content=\"Explore our impact as a community health nonprofit, in Puerto Rico. Discover how NUR Salud Comunitaria is revolutionizing healthcare.\" \/>\n<meta property=\"og:url\" content=\"https:\/\/nursalud.org\/en\/initiatives\/\" \/>\n<meta property=\"og:site_name\" content=\"NUR Salud Comunitaria\" \/>\n<meta property=\"article:modified_time\" content=\"2025-04-07T21:24:52+00:00\" \/>\n<meta property=\"og:image\" content=\"https:\/\/nursalud.org\/wp-content\/uploads\/2024\/11\/image-2.webp\" \/>\n<meta name=\"twitter:card\" content=\"summary_large_image\" \/>\n<meta name=\"twitter:title\" content=\"Puerto Rico Health Nonprofit - NUR Salud Comunitaria\" \/>\n<meta name=\"twitter:description\" content=\"Explore our impact as a community health nonprofit, in Puerto Rico. Discover how NUR Salud Comunitaria is revolutionizing healthcare.\" \/>\n<meta name=\"twitter:image\" content=\"https:\/\/nursalud.org\/wp-content\/uploads\/2024\/11\/image-2.webp\" \/>\n<meta name=\"twitter:label1\" content=\"Est. reading time\" \/>\n\t<meta name=\"twitter:data1\" content=\"3 minutes\" \/>\n<script type=\"application\/ld+json\" class=\"yoast-schema-graph\">{\"@context\":\"https:\\\/\\\/schema.org\",\"@graph\":[{\"@type\":\"WebPage\",\"@id\":\"https:\\\/\\\/nursalud.org\\\/initiatives\\\/\",\"url\":\"https:\\\/\\\/nursalud.org\\\/initiatives\\\/\",\"name\":\"Puerto Rico Health Nonprofit - NUR Salud Comunitaria\",\"isPartOf\":{\"@id\":\"https:\\\/\\\/nursalud.org\\\/#website\"},\"primaryImageOfPage\":{\"@id\":\"https:\\\/\\\/nursalud.org\\\/initiatives\\\/#primaryimage\"},\"image\":{\"@id\":\"https:\\\/\\\/nursalud.org\\\/initiatives\\\/#primaryimage\"},\"thumbnailUrl\":\"https:\\\/\\\/nursalud.org\\\/wp-content\\\/uploads\\\/2024\\\/11\\\/image-2.webp\",\"datePublished\":\"2024-11-21T16:57:09+00:00\",\"dateModified\":\"2025-04-07T21:24:52+00:00\",\"description\":\"Explore our impact as a community health nonprofit, in Puerto Rico. Discover how NUR Salud Comunitaria is revolutionizing healthcare.\",\"breadcrumb\":{\"@id\":\"https:\\\/\\\/nursalud.org\\\/initiatives\\\/#breadcrumb\"},\"inLanguage\":\"en-US\",\"potentialAction\":[{\"@type\":\"ReadAction\",\"target\":[\"https:\\\/\\\/nursalud.org\\\/initiatives\\\/\"]}]},{\"@type\":\"ImageObject\",\"inLanguage\":\"en-US\",\"@id\":\"https:\\\/\\\/nursalud.org\\\/initiatives\\\/#primaryimage\",\"url\":\"https:\\\/\\\/nursalud.org\\\/wp-content\\\/uploads\\\/2024\\\/11\\\/image-2.webp\",\"contentUrl\":\"https:\\\/\\\/nursalud.org\\\/wp-content\\\/uploads\\\/2024\\\/11\\\/image-2.webp\",\"width\":1280,\"height\":800,\"caption\":\"NUR Salud Comunitaria\"},{\"@type\":\"BreadcrumbList\",\"@id\":\"https:\\\/\\\/nursalud.org\\\/initiatives\\\/#breadcrumb\",\"itemListElement\":[{\"@type\":\"ListItem\",\"position\":1,\"name\":\"Home\",\"item\":\"https:\\\/\\\/nursalud.org\\\/\"},{\"@type\":\"ListItem\",\"position\":2,\"name\":\"Initiatives\"}]},{\"@type\":\"WebSite\",\"@id\":\"https:\\\/\\\/nursalud.org\\\/#website\",\"url\":\"https:\\\/\\\/nursalud.org\\\/\",\"name\":\"NUR Salud Comunitaria\",\"description\":\"SOMOS NUR\",\"publisher\":{\"@id\":\"https:\\\/\\\/nursalud.org\\\/#organization\"},\"potentialAction\":[{\"@type\":\"SearchAction\",\"target\":{\"@type\":\"EntryPoint\",\"urlTemplate\":\"https:\\\/\\\/nursalud.org\\\/?s={search_term_string}\"},\"query-input\":{\"@type\":\"PropertyValueSpecification\",\"valueRequired\":true,\"valueName\":\"search_term_string\"}}],\"inLanguage\":\"en-US\"},{\"@type\":\"Organization\",\"@id\":\"https:\\\/\\\/nursalud.org\\\/#organization\",\"name\":\"NUR Salud Comunitaria\",\"url\":\"https:\\\/\\\/nursalud.org\\\/\",\"logo\":{\"@type\":\"ImageObject\",\"inLanguage\":\"en-US\",\"@id\":\"https:\\\/\\\/nursalud.org\\\/#\\\/schema\\\/logo\\\/image\\\/\",\"url\":\"https:\\\/\\\/nursalud.org\\\/wp-content\\\/uploads\\\/2024\\\/11\\\/N.pdf-1.jpg\",\"contentUrl\":\"https:\\\/\\\/nursalud.org\\\/wp-content\\\/uploads\\\/2024\\\/11\\\/N.pdf-1.jpg\",\"width\":281,\"height\":82,\"caption\":\"NUR Salud Comunitaria\"},\"image\":{\"@id\":\"https:\\\/\\\/nursalud.org\\\/#\\\/schema\\\/logo\\\/image\\\/\"}}]}<\/script>\n<!-- \/ Yoast SEO plugin. -->","yoast_head_json":{"title":"Puerto Rico Health Nonprofit - NUR Salud Comunitaria","description":"Explore our impact as a community health nonprofit, in Puerto Rico. Discover how NUR Salud Comunitaria is revolutionizing healthcare.","robots":{"index":"index","follow":"follow","max-snippet":"max-snippet:-1","max-image-preview":"max-image-preview:large","max-video-preview":"max-video-preview:-1"},"canonical":"https:\/\/nursalud.org\/en\/wp-json\/wp\/v2\/pages\/16","og_locale":"en_US","og_type":"article","og_title":"Puerto Rico Health Nonprofit - NUR Salud Comunitaria","og_description":"Explore our impact as a community health nonprofit, in Puerto Rico. Discover how NUR Salud Comunitaria is revolutionizing healthcare.","og_url":"https:\/\/nursalud.org\/en\/initiatives\/","og_site_name":"NUR Salud Comunitaria","article_modified_time":"2025-04-07T21:24:52+00:00","og_image":[{"url":"https:\/\/nursalud.org\/wp-content\/uploads\/2024\/11\/image-2.webp","type":"","width":"","height":""}],"twitter_card":"summary_large_image","twitter_title":"Puerto Rico Health Nonprofit - NUR Salud Comunitaria","twitter_description":"Explore our impact as a community health nonprofit, in Puerto Rico. Discover how NUR Salud Comunitaria is revolutionizing healthcare.","twitter_image":"https:\/\/nursalud.org\/wp-content\/uploads\/2024\/11\/image-2.webp","twitter_misc":{"Est. reading time":"3 minutes"},"schema":{"@context":"https:\/\/schema.org","@graph":[{"@type":"WebPage","@id":"https:\/\/nursalud.org\/initiatives\/","url":"https:\/\/nursalud.org\/initiatives\/","name":"Puerto Rico Health Nonprofit - NUR Salud Comunitaria","isPartOf":{"@id":"https:\/\/nursalud.org\/#website"},"primaryImageOfPage":{"@id":"https:\/\/nursalud.org\/initiatives\/#primaryimage"},"image":{"@id":"https:\/\/nursalud.org\/initiatives\/#primaryimage"},"thumbnailUrl":"https:\/\/nursalud.org\/wp-content\/uploads\/2024\/11\/image-2.webp","datePublished":"2024-11-21T16:57:09+00:00","dateModified":"2025-04-07T21:24:52+00:00","description":"Explore our impact as a community health nonprofit, in Puerto Rico. Discover how NUR Salud Comunitaria is revolutionizing healthcare.","breadcrumb":{"@id":"https:\/\/nursalud.org\/initiatives\/#breadcrumb"},"inLanguage":"en-US","potentialAction":[{"@type":"ReadAction","target":["https:\/\/nursalud.org\/initiatives\/"]}]},{"@type":"ImageObject","inLanguage":"en-US","@id":"https:\/\/nursalud.org\/initiatives\/#primaryimage","url":"https:\/\/nursalud.org\/wp-content\/uploads\/2024\/11\/image-2.webp","contentUrl":"https:\/\/nursalud.org\/wp-content\/uploads\/2024\/11\/image-2.webp","width":1280,"height":800,"caption":"NUR Salud Comunitaria"},{"@type":"BreadcrumbList","@id":"https:\/\/nursalud.org\/initiatives\/#breadcrumb","itemListElement":[{"@type":"ListItem","position":1,"name":"Home","item":"https:\/\/nursalud.org\/"},{"@type":"ListItem","position":2,"name":"Initiatives"}]},{"@type":"WebSite","@id":"https:\/\/nursalud.org\/#website","url":"https:\/\/nursalud.org\/","name":"NUR Salud Comunitaria","description":"SOMOS NUR","publisher":{"@id":"https:\/\/nursalud.org\/#organization"},"potentialAction":[{"@type":"SearchAction","target":{"@type":"EntryPoint","urlTemplate":"https:\/\/nursalud.org\/?s={search_term_string}"},"query-input":{"@type":"PropertyValueSpecification","valueRequired":true,"valueName":"search_term_string"}}],"inLanguage":"en-US"},{"@type":"Organization","@id":"https:\/\/nursalud.org\/#organization","name":"NUR Salud Comunitaria","url":"https:\/\/nursalud.org\/","logo":{"@type":"ImageObject","inLanguage":"en-US","@id":"https:\/\/nursalud.org\/#\/schema\/logo\/image\/","url":"https:\/\/nursalud.org\/wp-content\/uploads\/2024\/11\/N.pdf-1.jpg","contentUrl":"https:\/\/nursalud.org\/wp-content\/uploads\/2024\/11\/N.pdf-1.jpg","width":281,"height":82,"caption":"NUR Salud Comunitaria"},"image":{"@id":"https:\/\/nursalud.org\/#\/schema\/logo\/image\/"}}]}},"_links":{"self":[{"href":"https:\/\/nursalud.org\/en\/wp-json\/wp\/v2\/pages\/16","targetHints":{"allow":["GET"]}}],"collection":[{"href":"https:\/\/nursalud.org\/en\/wp-json\/wp\/v2\/pages"}],"about":[{"href":"https:\/\/nursalud.org\/en\/wp-json\/wp\/v2\/types\/page"}],"author":[{"embeddable":true,"href":"https:\/\/nursalud.org\/en\/wp-json\/wp\/v2\/users\/1"}],"replies":[{"embeddable":true,"href":"https:\/\/nursalud.org\/en\/wp-json\/wp\/v2\/comments?post=16"}],"version-history":[{"count":0,"href":"https:\/\/nursalud.org\/en\/wp-json\/wp\/v2\/pages\/16\/revisions"}],"wp:featuredmedia":[{"embeddable":true,"href":"https:\/\/nursalud.org\/en\/wp-json\/wp\/v2\/media\/24402"}],"wp:attachment":[{"href":"https:\/\/nursalud.org\/en\/wp-json\/wp\/v2\/media?parent=16"}],"curies":[{"name":"wp","href":"https:\/\/api.w.org\/{rel}","templated":true}]}}